{"id":1705,"date":"2025-03-13T08:50:11","date_gmt":"2025-03-13T07:50:11","guid":{"rendered":"https:\/\/discoverdalarna.se\/what-we-do-2\/"},"modified":"2025-04-16T11:53:37","modified_gmt":"2025-04-16T10:53:37","slug":"what-we-do-2","status":"publish","type":"page","link":"https:\/\/discoverdalarna.se\/en\/what-we-do-2\/","title":{"rendered":"What we do"},"content":{"rendered":"\n<h1>\n\t\tVad vi g\u00f6r just nu\n\t<\/h1>\n\t\n\t\t\t\t\t<a href=\"https:\/\/discoverdalarna.se\/hojdpunkter\/1000-ar-pa-100-minuter-en-stadsvandring-i-varldsarvsstaden-falun\/\" title=\"1000 \u00e5r p\u00e5 100 minuter &#8211; en stadsvandring i v\u00e4rldsarvsstaden Falun\"><\/a>\n\t\t\t\t<img decoding=\"async\" src=\"https:\/\/discoverdalarna.se\/wp-content\/uploads\/bb-plugin\/cache\/placeholder-circle-ddd807bcc70c8435444d03532dc54cb4-.jpg\" alt=\"\" data-no-lazy=\"1\" \/>\n\t\t\t\t\t\t\t\t\t<h3>\n\t\t\t\t\t\t\t\t\t\t\t\t\t\t1000 \u00e5r p\u00e5 100 minuter &#8211; en stadsvandring i v\u00e4rldsarvsstaden Falun\t\t\t\t\t\t\t\t\t\t\t<\/h3>\n\t\n\t\t\t\t\t<a href=\"https:\/\/discoverdalarna.se\/hojdpunkter\/koppar-kungar-kullersten-och-kaffe-med-dopp\/\" title=\"Koppar kungar kullersten och kaffe med dopp!\"><\/a>\n\t\t\t\t<img loading=\"lazy\" decoding=\"async\" src=\"https:\/\/discoverdalarna.se\/wp-content\/uploads\/bb-plugin\/cache\/PXL_20241102_1248526502-904x1200-circle-3e565cb760469727441124e19a4779e8-.jpg\" alt=\"PXL_20241102_124852650~2\" data-no-lazy=\"1\" height=\"1200\" width=\"904\" title=\"PXL_20241102_124852650~2\" \/>\n\t\t\t\t\t\t\t\t\t<h3>\n\t\t\t\t\t\t\t\t\t\t\t\t\t\tKoppar kungar kullersten och kaffe med dopp!\t\t\t\t\t\t\t\t\t\t\t<\/h3>\n\t\n\t\t\t\t\t<a href=\"https:\/\/discoverdalarna.se\/hojdpunkter\/i-gruvdrangens-fotspar-en-familjevandring-i-varldsarvsskogen\/\" title=\"I gruvdr\u00e4ngens fotsp\u00e5r &#8211; en familjevandring i v\u00e4rldsarvsskogen\"><\/a>\n\t\t\t\t<img loading=\"lazy\" decoding=\"async\" src=\"https:\/\/discoverdalarna.se\/wp-content\/uploads\/bb-plugin\/cache\/Familjevandring-Dikarbacken-circle-63d10ca96e1bbfa35d0b842665ae4da1-.jpeg\" alt=\"Familjevandring Dikarbacken\" data-no-lazy=\"1\" height=\"926\" width=\"745\" title=\"Familjevandring Dikarbacken\" \/>\n\t\t\t\t\t\t\t\t\t<h3>\n\t\t\t\t\t\t\t\t\t\t\t\t\t\tI gruvdr\u00e4ngens fotsp\u00e5r &#8211; en familjevandring i v\u00e4rldsarvsskogen\t\t\t\t\t\t\t\t\t\t\t<\/h3>\n\t\n\t\t\t\t\t<a href=\"https:\/\/discoverdalarna.se\/hojdpunkter\/heritage-tour\/\" title=\"Heritage tour\"><\/a>\n\t\t\t\t<img decoding=\"async\" src=\"https:\/\/discoverdalarna.se\/wp-content\/uploads\/bb-plugin\/cache\/placeholder-circle-ddd807bcc70c8435444d03532dc54cb4-.jpg\" alt=\"\" data-no-lazy=\"1\" \/>\n\t\t\t\t\t\t\t\t\t<h3>\n\t\t\t\t\t\t\t\t\t\t\t\t\t\tHeritage tour\t\t\t\t\t\t\t\t\t\t\t<\/h3>\n\t\n\t\t\t\t\t<a href=\"https:\/\/discoverdalarna.se\/hojdpunkter\/konst-och-kultur-i-bergsmansbygd\/\" title=\"Konst och kultur i Bergsmansbygd\"><\/a>\n\t\t\t\t<img loading=\"lazy\" decoding=\"async\" src=\"https:\/\/discoverdalarna.se\/wp-content\/uploads\/bb-plugin\/cache\/7280139937935604506-1200x676-circle-78b9e73d775b39d01a8270cac7c3be58-.jpg\" alt=\"7280139937935604506\" data-no-lazy=\"1\" height=\"676\" width=\"1200\" title=\"7280139937935604506\" \/>\n\t\t\t\t\t\t\t\t\t<h3>\n\t\t\t\t\t\t\t\t\t\t\t\t\t\tKonst och kultur i Bergsmansbygd\t\t\t\t\t\t\t\t\t\t\t<\/h3>\n\t\n\t\t\t\t\t<a href=\"https:\/\/discoverdalarna.se\/hojdpunkter\/smaka-pa-varldsarvet\/\" title=\"Smaka p\u00e5 v\u00e4rldsarvet!\"><\/a>\n\t\t\t\t<img loading=\"lazy\" decoding=\"async\" src=\"https:\/\/discoverdalarna.se\/wp-content\/uploads\/bb-plugin\/cache\/Skogsvaffla-900x1200-circle-35fb2858f2255fa17c226f3f9527b3d3-.jpeg\" alt=\"Skogsv\u00e5ffla\" data-no-lazy=\"1\" height=\"1200\" width=\"900\" title=\"Skogsv\u00e5ffla\" \/>\n\t\t\t\t\t\t\t\t\t<h3>\n\t\t\t\t\t\t\t\t\t\t\t\t\t\tSmaka p\u00e5 v\u00e4rldsarvet!\t\t\t\t\t\t\t\t\t\t\t<\/h3>\n\t\n\t\t\t\t\t<a href=\"https:\/\/discoverdalarna.se\/hojdpunkter\/mera-frojd-af-lifvet-resor-i-goda-vanners-lag\/\" title=\"Mera fr\u00f6jd af lifvet &#8211; resor i goda v\u00e4nners lag\"><\/a>\n\t\t\t\t<img loading=\"lazy\" decoding=\"async\" src=\"https:\/\/discoverdalarna.se\/wp-content\/uploads\/bb-plugin\/cache\/CLG-resor-2025-1-600x600-1-circle-24c1eef6c69a0d97ca94083f7b217254-.jpg\" alt=\"CLG-resor-2025-1-600x600\" data-no-lazy=\"1\" height=\"600\" width=\"600\" title=\"CLG-resor-2025-1-600x600\" \/>\n\t\t\t\t\t\t\t\t\t<h3>\n\t\t\t\t\t\t\t\t\t\t\t\t\t\tMera fr\u00f6jd af lifvet &#8211; resor i goda v\u00e4nners lag\t\t\t\t\t\t\t\t\t\t\t<\/h3>\n\t\t<!-- .pp-content-posts -->\n\n","protected":false},"excerpt":{"rendered":"<p>Vad vi g\u00f6r just nu 1000 \u00e5r p\u00e5 100 minuter &#8211; en stadsvandring i v\u00e4rldsarvsstaden Falun Koppar kungar kullersten och kaffe med dopp! I gruvdr\u00e4ngens fotsp\u00e5r &#8211; en familjevandring i v\u00e4rldsarvsskogen Heritage tour Konst och kultur i Bergsmansbygd Smaka p\u00e5 v\u00e4rldsarvet! Mera fr\u00f6jd af lifvet &#8211; resor i goda v\u00e4nners lag<\/p>\n","protected":false},"author":2,"featured_media":0,"parent":0,"menu_order":0,"comment_status":"closed","ping_status":"closed","template":"","meta":{"_acf_changed":false,"footnotes":""},"speciallayout":[],"class_list":["post-1705","page","type-page","status-publish","hentry"],"acf":[],"_links":{"self":[{"href":"https:\/\/discoverdalarna.se\/en\/wp-json\/wp\/v2\/pages\/1705","targetHints":{"allow":["GET"]}}],"collection":[{"href":"https:\/\/discoverdalarna.se\/en\/wp-json\/wp\/v2\/pages"}],"about":[{"href":"https:\/\/discoverdalarna.se\/en\/wp-json\/wp\/v2\/types\/page"}],"author":[{"embeddable":true,"href":"https:\/\/discoverdalarna.se\/en\/wp-json\/wp\/v2\/users\/2"}],"replies":[{"embeddable":true,"href":"https:\/\/discoverdalarna.se\/en\/wp-json\/wp\/v2\/comments?post=1705"}],"version-history":[{"count":0,"href":"https:\/\/discoverdalarna.se\/en\/wp-json\/wp\/v2\/pages\/1705\/revisions"}],"wp:attachment":[{"href":"https:\/\/discoverdalarna.se\/en\/wp-json\/wp\/v2\/media?parent=1705"}],"wp:term":[{"taxonomy":"speciallayout","embeddable":true,"href":"https:\/\/discoverdalarna.se\/en\/wp-json\/wp\/v2\/speciallayout?post=1705"}],"curies":[{"name":"wp","href":"https:\/\/api.w.org\/{rel}","templated":true}]}}